{"id":41400,"date":"2023-07-14T19:04:16","date_gmt":"2023-07-14T19:04:16","guid":{"rendered":"https:\/\/www.tachi-s.digital\/?page_id=41400"},"modified":"2026-04-09T17:22:56","modified_gmt":"2026-04-09T17:22:56","slug":"sustentabilidad","status":"publish","type":"page","link":"https:\/\/www.tachismex.com\/en\/sustentabilidad\/","title":{"rendered":"Sustentabilidad"},"content":{"rendered":"<div data-elementor-type=\"wp-page\" data-elementor-id=\"41400\" class=\"elementor elementor-41400\">\n\t\t\t\t\t\t<section class=\"elementor-section elementor-top-section elementor-element elementor-element-abee95e elementor-section-full_width elementor-section-stretched elementor-section-height-default elementor-section-height-default\" data-id=\"abee95e\" data-element_type=\"section\" data-e-type=\"section\" data-settings=\"{&quot;stretch_section&quot;:&quot;section-stretched&quot;}\">\n\t\t\t\t\t\t\t<div class=\"elementor-background-overlay\"><\/div>\n\t\t\t\t\t\t\t<div class=\"elementor-container elementor-column-gap-default\">\n\t\t\t\t\t<div class=\"elementor-column elementor-col-100 elementor-top-column elementor-element elementor-element-9856022\" data-id=\"9856022\" data-element_type=\"column\" data-e-type=\"column\">\n\t\t\t<div class=\"elementor-widget-wrap elementor-element-populated\">\n\t\t\t\t\t\t<div class=\"elementor-element elementor-element-7cf50fd cea-align-center elementor-widget elementor-widget-ceasectiontitle\" data-id=\"7cf50fd\" data-element_type=\"widget\" data-e-type=\"widget\" data-widget_type=\"ceasectiontitle.default\">\n\t\t\t\t<div class=\"elementor-widget-container\">\n\t\t\t\t\t<div class=\"section-title-wrapper\"><div class=\"title-wrap\"><h2 class=\"section-title\">SUSTAINABILITY<\/h2><\/div><!-- .title-wrap --><div class=\"section-description\"><\/div><!-- .section-description --><\/div><!-- .section-title-wrapper -->\t\t\t\t<\/div>\n\t\t\t\t<\/div>\n\t\t\t\t<div class=\"elementor-element elementor-element-92947ad elementor-widget elementor-widget-image\" data-id=\"92947ad\" data-element_type=\"widget\" data-e-type=\"widget\" data-widget_type=\"image.default\">\n\t\t\t\t<div class=\"elementor-widget-container\">\n\t\t\t\t\t\t\t\t\t\t\t\t\t\t\t<img decoding=\"async\" width=\"350\" height=\"8\" data-src=\"https:\/\/www.tachismex.com\/wp-content\/uploads\/2023\/08\/lienas-de-separqador-transparentes.gif\" class=\"attachment-large size-large wp-image-42924 lazyload\" alt=\"\" src=\"data:image\/svg+xml;base64,PHN2ZyB3aWR0aD0iMSIgaGVpZ2h0PSIxIiB4bWxucz0iaHR0cDovL3d3dy53My5vcmcvMjAwMC9zdmciPjwvc3ZnPg==\" style=\"--smush-placeholder-width: 350px; --smush-placeholder-aspect-ratio: 350\/8;\" \/>\t\t\t\t\t\t\t\t\t\t\t\t\t\t\t<\/div>\n\t\t\t\t<\/div>\n\t\t\t\t\t<\/div>\n\t\t<\/div>\n\t\t\t\t\t<\/div>\n\t\t<\/section>\n\t\t\t\t<section class=\"elementor-section elementor-top-section elementor-element elementor-element-f815922 elementor-section-full_width elementor-section-height-default elementor-section-height-default\" data-id=\"f815922\" data-element_type=\"section\" data-e-type=\"section\">\n\t\t\t\t\t\t<div class=\"elementor-container elementor-column-gap-default\">\n\t\t\t\t\t<div class=\"elementor-column elementor-col-50 elementor-top-column elementor-element elementor-element-e41521b\" data-id=\"e41521b\" data-element_type=\"column\" data-e-type=\"column\">\n\t\t\t<div class=\"elementor-widget-wrap elementor-element-populated\">\n\t\t\t\t\t\t<div class=\"elementor-element elementor-element-4608ec5 elementor-widget elementor-widget-text-editor\" data-id=\"4608ec5\" data-element_type=\"widget\" data-e-type=\"widget\" data-widget_type=\"text-editor.default\">\n\t\t\t\t<div class=\"elementor-widget-container\">\n\t\t\t\t\t\t\t\t\t<p>Welcome to Tachi-S, where innovation and sustainability come together in a strong commitment to a brighter future. In our continuous effort to make a difference\u2014not only in the industry but also in the world we share\u2014sustainability is a fundamental pillar that guides every step we take.<\/p><p>At Tachi-S, we are committed to doing more than simply producing exceptional products. We strive to lead the way toward more environmentally friendly operations and a more equitable society. Our vision goes beyond financial margins; it focuses on achieving a sustainable balance between industrial progress and the protection of our planet.<\/p>\t\t\t\t\t\t\t\t<\/div>\n\t\t\t\t<\/div>\n\t\t\t\t\t<\/div>\n\t\t<\/div>\n\t\t\t\t<div class=\"elementor-column elementor-col-50 elementor-top-column elementor-element elementor-element-2875737\" data-id=\"2875737\" data-element_type=\"column\" data-e-type=\"column\">\n\t\t\t<div class=\"elementor-widget-wrap elementor-element-populated\">\n\t\t\t\t\t\t<div class=\"elementor-element elementor-element-c8b2df0 elementor-widget elementor-widget-image\" data-id=\"c8b2df0\" data-element_type=\"widget\" data-e-type=\"widget\" data-widget_type=\"image.default\">\n\t\t\t\t<div class=\"elementor-widget-container\">\n\t\t\t\t\t\t\t\t\t\t\t\t\t\t\t<img fetchpriority=\"high\" decoding=\"async\" width=\"768\" height=\"456\" src=\"https:\/\/www.tachismex.com\/wp-content\/uploads\/2026\/01\/close-up-environment-sign-collection-768x456.webp\" class=\"attachment-medium size-medium wp-image-55522\" alt=\"\" srcset=\"https:\/\/www.tachismex.com\/wp-content\/uploads\/2026\/01\/close-up-environment-sign-collection-768x456.webp 768w, https:\/\/www.tachismex.com\/wp-content\/uploads\/2026\/01\/close-up-environment-sign-collection-1170x694.webp 1170w, https:\/\/www.tachismex.com\/wp-content\/uploads\/2026\/01\/close-up-environment-sign-collection-18x12.webp 18w\" sizes=\"(max-width: 768px) 100vw, 768px\" \/>\t\t\t\t\t\t\t\t\t\t\t\t\t\t\t<\/div>\n\t\t\t\t<\/div>\n\t\t\t\t\t<\/div>\n\t\t<\/div>\n\t\t\t\t\t<\/div>\n\t\t<\/section>\n\t\t\t\t<section class=\"elementor-section elementor-top-section elementor-element elementor-element-0d67079 elementor-section-full_width elementor-section-height-default elementor-section-height-default\" data-id=\"0d67079\" data-element_type=\"section\" data-e-type=\"section\">\n\t\t\t\t\t\t<div class=\"elementor-container elementor-column-gap-default\">\n\t\t\t\t\t<div class=\"elementor-column elementor-col-50 elementor-top-column elementor-element elementor-element-c61146b\" data-id=\"c61146b\" data-element_type=\"column\" data-e-type=\"column\">\n\t\t\t<div class=\"elementor-widget-wrap elementor-element-populated\">\n\t\t\t\t\t\t<div class=\"elementor-element elementor-element-25b8ac1 elementor-widget elementor-widget-image\" data-id=\"25b8ac1\" data-element_type=\"widget\" data-e-type=\"widget\" data-widget_type=\"image.default\">\n\t\t\t\t<div class=\"elementor-widget-container\">\n\t\t\t\t\t\t\t\t\t\t\t\t\t\t\t<img decoding=\"async\" width=\"768\" height=\"456\" data-src=\"https:\/\/www.tachismex.com\/wp-content\/uploads\/2026\/01\/sustainable-development-goals-still-life-768x456.webp\" class=\"attachment-medium size-medium wp-image-55523 lazyload\" alt=\"\" data-srcset=\"https:\/\/www.tachismex.com\/wp-content\/uploads\/2026\/01\/sustainable-development-goals-still-life-768x456.webp 768w, https:\/\/www.tachismex.com\/wp-content\/uploads\/2026\/01\/sustainable-development-goals-still-life-1170x694.webp 1170w, https:\/\/www.tachismex.com\/wp-content\/uploads\/2026\/01\/sustainable-development-goals-still-life-18x12.webp 18w\" data-sizes=\"(max-width: 768px) 100vw, 768px\" src=\"data:image\/svg+xml;base64,PHN2ZyB3aWR0aD0iMSIgaGVpZ2h0PSIxIiB4bWxucz0iaHR0cDovL3d3dy53My5vcmcvMjAwMC9zdmciPjwvc3ZnPg==\" style=\"--smush-placeholder-width: 768px; --smush-placeholder-aspect-ratio: 768\/456;\" \/>\t\t\t\t\t\t\t\t\t\t\t\t\t\t\t<\/div>\n\t\t\t\t<\/div>\n\t\t\t\t\t<\/div>\n\t\t<\/div>\n\t\t\t\t<div class=\"elementor-column elementor-col-50 elementor-top-column elementor-element elementor-element-f33b4a2\" data-id=\"f33b4a2\" data-element_type=\"column\" data-e-type=\"column\">\n\t\t\t<div class=\"elementor-widget-wrap elementor-element-populated\">\n\t\t\t\t\t\t<div class=\"elementor-element elementor-element-3051b71 elementor-widget elementor-widget-text-editor\" data-id=\"3051b71\" data-element_type=\"widget\" data-e-type=\"widget\" data-widget_type=\"text-editor.default\">\n\t\t\t\t<div class=\"elementor-widget-container\">\n\t\t\t\t\t\t\t\t\t<p>Here at our company, we take pride in our legacy of manufacturing excellence and our deep commitment to corporate responsibility. Our sustainability section is not only a reflection of past achievements but also a testament to our determination to pioneer sustainable business practices. We believe that environmental and social responsibility is not an option, but a duty.<\/p><p>Join us as we explore our journey toward sustainability and discover how Tachi-S works to reduce our ecological footprint, support local communities, and promote a culture of sustainability in every aspect of our business. We are committed to creating a lasting positive impact on the world, and we invite you to be part of this journey.<\/p>\t\t\t\t\t\t\t\t<\/div>\n\t\t\t\t<\/div>\n\t\t\t\t\t<\/div>\n\t\t<\/div>\n\t\t\t\t\t<\/div>\n\t\t<\/section>\n\t\t\t\t<\/div>","protected":false},"excerpt":{"rendered":"<p>SUSTENTABILIDAD Bienvenidos a Tachi-S, donde la innovaci\u00f3n y la sustentabilidad se entrelazan en un compromiso s\u00f3lido con un futuro m\u00e1s brillante. En nuestro continuo esfuerzo por marcar..<\/p>","protected":false},"author":1,"featured_media":0,"parent":0,"menu_order":0,"comment_status":"closed","ping_status":"closed","template":"elementor_theme","meta":{"footnotes":""},"class_list":["post-41400","page","type-page","status-publish","hentry"],"yoast_head":"<!-- This site is optimized with the Yoast SEO plugin v27.4 - https:\/\/yoast.com\/product\/yoast-seo-wordpress\/ -->\n<title>Sustentabilidad - TACHI-S MEXICO<\/title>\n<meta name=\"description\" content=\"sustentabilidad tachi-s\" \/>\n<meta name=\"robots\" content=\"noindex, follow\" \/>\n<meta property=\"og:locale\" content=\"en_US\" \/>\n<meta property=\"og:type\" content=\"article\" \/>\n<meta property=\"og:title\" content=\"Sustentabilidad - TACHI-S MEXICO\" \/>\n<meta property=\"og:description\" content=\"sustentabilidad tachi-s\" \/>\n<meta property=\"og:url\" content=\"https:\/\/www.tachismex.com\/en\/sustentabilidad\/\" \/>\n<meta property=\"og:site_name\" content=\"TACHI-S MEXICO\" \/>\n<meta property=\"article:modified_time\" content=\"2026-04-09T17:22:56+00:00\" \/>\n<meta property=\"og:image\" content=\"https:\/\/www.tachismex.com\/wp-content\/uploads\/2023\/08\/lienas-de-separqador-transparentes.gif\" \/>\n\t<meta property=\"og:image:width\" content=\"350\" \/>\n\t<meta property=\"og:image:height\" content=\"8\" \/>\n\t<meta property=\"og:image:type\" content=\"image\/gif\" \/>\n<meta name=\"twitter:card\" content=\"summary_large_image\" \/>\n<meta name=\"twitter:label1\" content=\"Est. reading time\" \/>\n\t<meta name=\"twitter:data1\" content=\"2 minutes\" \/>\n<script type=\"application\/ld+json\" class=\"yoast-schema-graph\">{\"@context\":\"https:\\\/\\\/schema.org\",\"@graph\":[{\"@type\":\"WebPage\",\"@id\":\"https:\\\/\\\/www.tachismex.com\\\/sustentabilidad\\\/\",\"url\":\"https:\\\/\\\/www.tachismex.com\\\/sustentabilidad\\\/\",\"name\":\"Sustentabilidad - TACHI-S MEXICO\",\"isPartOf\":{\"@id\":\"https:\\\/\\\/www.tachismex.com\\\/#website\"},\"primaryImageOfPage\":{\"@id\":\"https:\\\/\\\/www.tachismex.com\\\/sustentabilidad\\\/#primaryimage\"},\"image\":{\"@id\":\"https:\\\/\\\/www.tachismex.com\\\/sustentabilidad\\\/#primaryimage\"},\"thumbnailUrl\":\"https:\\\/\\\/www.tachismex.com\\\/wp-content\\\/uploads\\\/2023\\\/08\\\/lienas-de-separqador-transparentes.gif\",\"datePublished\":\"2023-07-14T19:04:16+00:00\",\"dateModified\":\"2026-04-09T17:22:56+00:00\",\"description\":\"sustentabilidad tachi-s\",\"breadcrumb\":{\"@id\":\"https:\\\/\\\/www.tachismex.com\\\/sustentabilidad\\\/#breadcrumb\"},\"inLanguage\":\"en-US\",\"potentialAction\":[{\"@type\":\"ReadAction\",\"target\":[\"https:\\\/\\\/www.tachismex.com\\\/sustentabilidad\\\/\"]}]},{\"@type\":\"ImageObject\",\"inLanguage\":\"en-US\",\"@id\":\"https:\\\/\\\/www.tachismex.com\\\/sustentabilidad\\\/#primaryimage\",\"url\":\"https:\\\/\\\/www.tachismex.com\\\/wp-content\\\/uploads\\\/2023\\\/08\\\/lienas-de-separqador-transparentes.gif\",\"contentUrl\":\"https:\\\/\\\/www.tachismex.com\\\/wp-content\\\/uploads\\\/2023\\\/08\\\/lienas-de-separqador-transparentes.gif\"},{\"@type\":\"BreadcrumbList\",\"@id\":\"https:\\\/\\\/www.tachismex.com\\\/sustentabilidad\\\/#breadcrumb\",\"itemListElement\":[{\"@type\":\"ListItem\",\"position\":1,\"name\":\"Portada\",\"item\":\"https:\\\/\\\/www.tachismex.com\\\/\"},{\"@type\":\"ListItem\",\"position\":2,\"name\":\"Sustentabilidad\"}]},{\"@type\":\"WebSite\",\"@id\":\"https:\\\/\\\/www.tachismex.com\\\/#website\",\"url\":\"https:\\\/\\\/www.tachismex.com\\\/\",\"name\":\"TACHI-S MEXICO\",\"description\":\"TACHIS\",\"publisher\":{\"@id\":\"https:\\\/\\\/www.tachismex.com\\\/#organization\"},\"potentialAction\":[{\"@type\":\"SearchAction\",\"target\":{\"@type\":\"EntryPoint\",\"urlTemplate\":\"https:\\\/\\\/www.tachismex.com\\\/?s={search_term_string}\"},\"query-input\":{\"@type\":\"PropertyValueSpecification\",\"valueRequired\":true,\"valueName\":\"search_term_string\"}}],\"inLanguage\":\"en-US\"},{\"@type\":\"Organization\",\"@id\":\"https:\\\/\\\/www.tachismex.com\\\/#organization\",\"name\":\"TACHI-S MEXICO\",\"url\":\"https:\\\/\\\/www.tachismex.com\\\/\",\"logo\":{\"@type\":\"ImageObject\",\"inLanguage\":\"en-US\",\"@id\":\"https:\\\/\\\/www.tachismex.com\\\/#\\\/schema\\\/logo\\\/image\\\/\",\"url\":\"https:\\\/\\\/www.tachismex.com\\\/wp-content\\\/uploads\\\/2023\\\/06\\\/cropped-Tachis-1.png\",\"contentUrl\":\"https:\\\/\\\/www.tachismex.com\\\/wp-content\\\/uploads\\\/2023\\\/06\\\/cropped-Tachis-1.png\",\"width\":164,\"height\":197,\"caption\":\"TACHI-S MEXICO\"},\"image\":{\"@id\":\"https:\\\/\\\/www.tachismex.com\\\/#\\\/schema\\\/logo\\\/image\\\/\"}}]}<\/script>\n<!-- \/ Yoast SEO plugin. -->","yoast_head_json":{"title":"Sustentabilidad - TACHI-S MEXICO","description":"sustentabilidad tachi-s","robots":{"index":"noindex","follow":"follow"},"og_locale":"en_US","og_type":"article","og_title":"Sustentabilidad - TACHI-S MEXICO","og_description":"sustentabilidad tachi-s","og_url":"https:\/\/www.tachismex.com\/en\/sustentabilidad\/","og_site_name":"TACHI-S MEXICO","article_modified_time":"2026-04-09T17:22:56+00:00","og_image":[{"width":350,"height":8,"url":"https:\/\/www.tachismex.com\/wp-content\/uploads\/2023\/08\/lienas-de-separqador-transparentes.gif","type":"image\/gif"}],"twitter_card":"summary_large_image","twitter_misc":{"Est. reading time":"2 minutes"},"schema":{"@context":"https:\/\/schema.org","@graph":[{"@type":"WebPage","@id":"https:\/\/www.tachismex.com\/sustentabilidad\/","url":"https:\/\/www.tachismex.com\/sustentabilidad\/","name":"Sustentabilidad - TACHI-S MEXICO","isPartOf":{"@id":"https:\/\/www.tachismex.com\/#website"},"primaryImageOfPage":{"@id":"https:\/\/www.tachismex.com\/sustentabilidad\/#primaryimage"},"image":{"@id":"https:\/\/www.tachismex.com\/sustentabilidad\/#primaryimage"},"thumbnailUrl":"https:\/\/www.tachismex.com\/wp-content\/uploads\/2023\/08\/lienas-de-separqador-transparentes.gif","datePublished":"2023-07-14T19:04:16+00:00","dateModified":"2026-04-09T17:22:56+00:00","description":"sustentabilidad tachi-s","breadcrumb":{"@id":"https:\/\/www.tachismex.com\/sustentabilidad\/#breadcrumb"},"inLanguage":"en-US","potentialAction":[{"@type":"ReadAction","target":["https:\/\/www.tachismex.com\/sustentabilidad\/"]}]},{"@type":"ImageObject","inLanguage":"en-US","@id":"https:\/\/www.tachismex.com\/sustentabilidad\/#primaryimage","url":"https:\/\/www.tachismex.com\/wp-content\/uploads\/2023\/08\/lienas-de-separqador-transparentes.gif","contentUrl":"https:\/\/www.tachismex.com\/wp-content\/uploads\/2023\/08\/lienas-de-separqador-transparentes.gif"},{"@type":"BreadcrumbList","@id":"https:\/\/www.tachismex.com\/sustentabilidad\/#breadcrumb","itemListElement":[{"@type":"ListItem","position":1,"name":"Portada","item":"https:\/\/www.tachismex.com\/"},{"@type":"ListItem","position":2,"name":"Sustentabilidad"}]},{"@type":"WebSite","@id":"https:\/\/www.tachismex.com\/#website","url":"https:\/\/www.tachismex.com\/","name":"TACHI-S MEXICO","description":"TACHIS","publisher":{"@id":"https:\/\/www.tachismex.com\/#organization"},"potentialAction":[{"@type":"SearchAction","target":{"@type":"EntryPoint","urlTemplate":"https:\/\/www.tachismex.com\/?s={search_term_string}"},"query-input":{"@type":"PropertyValueSpecification","valueRequired":true,"valueName":"search_term_string"}}],"inLanguage":"en-US"},{"@type":"Organization","@id":"https:\/\/www.tachismex.com\/#organization","name":"TACHI-S MEXICO","url":"https:\/\/www.tachismex.com\/","logo":{"@type":"ImageObject","inLanguage":"en-US","@id":"https:\/\/www.tachismex.com\/#\/schema\/logo\/image\/","url":"https:\/\/www.tachismex.com\/wp-content\/uploads\/2023\/06\/cropped-Tachis-1.png","contentUrl":"https:\/\/www.tachismex.com\/wp-content\/uploads\/2023\/06\/cropped-Tachis-1.png","width":164,"height":197,"caption":"TACHI-S MEXICO"},"image":{"@id":"https:\/\/www.tachismex.com\/#\/schema\/logo\/image\/"}}]}},"_links":{"self":[{"href":"https:\/\/www.tachismex.com\/en\/wp-json\/wp\/v2\/pages\/41400","targetHints":{"allow":["GET"]}}],"collection":[{"href":"https:\/\/www.tachismex.com\/en\/wp-json\/wp\/v2\/pages"}],"about":[{"href":"https:\/\/www.tachismex.com\/en\/wp-json\/wp\/v2\/types\/page"}],"author":[{"embeddable":true,"href":"https:\/\/www.tachismex.com\/en\/wp-json\/wp\/v2\/users\/1"}],"replies":[{"embeddable":true,"href":"https:\/\/www.tachismex.com\/en\/wp-json\/wp\/v2\/comments?post=41400"}],"version-history":[{"count":46,"href":"https:\/\/www.tachismex.com\/en\/wp-json\/wp\/v2\/pages\/41400\/revisions"}],"predecessor-version":[{"id":55998,"href":"https:\/\/www.tachismex.com\/en\/wp-json\/wp\/v2\/pages\/41400\/revisions\/55998"}],"wp:attachment":[{"href":"https:\/\/www.tachismex.com\/en\/wp-json\/wp\/v2\/media?parent=41400"}],"curies":[{"name":"wp","href":"https:\/\/api.w.org\/{rel}","templated":true}]}}