{"id":37371,"date":"2023-05-29T05:59:59","date_gmt":"2023-05-29T05:59:59","guid":{"rendered":"https:\/\/wordpress.zozothemes.com\/tranzkart\/?page_id=37371"},"modified":"2026-04-09T16:18:35","modified_gmt":"2026-04-09T16:18:35","slug":"contacto","status":"publish","type":"page","link":"https:\/\/www.tachismex.com\/en\/contacto\/","title":{"rendered":"Contact"},"content":{"rendered":"<div data-elementor-type=\"wp-page\" data-elementor-id=\"37371\" class=\"elementor elementor-37371\">\n\t\t\t\t\t\t<section class=\"elementor-section elementor-top-section elementor-element elementor-element-aed017e elementor-section-stretched elementor-section-boxed elementor-section-height-default elementor-section-height-default\" data-id=\"aed017e\" data-element_type=\"section\" data-e-type=\"section\" data-settings=\"{&quot;stretch_section&quot;:&quot;section-stretched&quot;,&quot;background_background&quot;:&quot;classic&quot;}\">\n\t\t\t\t\t\t\t<div class=\"elementor-background-overlay\"><\/div>\n\t\t\t\t\t\t\t<div class=\"elementor-container elementor-column-gap-wide\">\n\t\t\t\t\t<div class=\"elementor-column elementor-col-100 elementor-top-column elementor-element elementor-element-4130faf\" data-id=\"4130faf\" data-element_type=\"column\" data-e-type=\"column\">\n\t\t\t<div class=\"elementor-widget-wrap elementor-element-populated\">\n\t\t\t\t\t\t<section class=\"elementor-section elementor-inner-section elementor-element elementor-element-6943f90 elementor-section-boxed elementor-section-height-default elementor-section-height-default\" data-id=\"6943f90\" data-element_type=\"section\" data-e-type=\"section\">\n\t\t\t\t\t\t<div class=\"elementor-container elementor-column-gap-default\">\n\t\t\t\t\t<div class=\"elementor-column elementor-col-50 elementor-inner-column elementor-element elementor-element-9ac58d6\" data-id=\"9ac58d6\" data-element_type=\"column\" data-e-type=\"column\">\n\t\t\t<div class=\"elementor-widget-wrap elementor-element-populated\">\n\t\t\t\t\t\t<div class=\"elementor-element elementor-element-f6f7e60 elementor-invisible elementor-widget elementor-widget-ceasectiontitle\" data-id=\"f6f7e60\" data-element_type=\"widget\" data-e-type=\"widget\" data-settings=\"{&quot;_animation&quot;:&quot;fadeInUp&quot;}\" data-widget_type=\"ceasectiontitle.default\">\n\t\t\t\t<div class=\"elementor-widget-container\">\n\t\t\t\t\t<div class=\"section-title-wrapper\"><div class=\"title-wrap\"><h2 class=\"section-title\">Contact Information<\/h2><span class=\"title-separator separator-img\"><img decoding=\"async\" class=\"img-fluid lazyload\" data-src=\"https:\/\/www.tachismex.com\/wp-content\/uploads\/2023\/06\/separator-lineas-sin-margen.gif\" width=\"350\" height=\"5\" alt=\"\" src=\"data:image\/svg+xml;base64,PHN2ZyB3aWR0aD0iMSIgaGVpZ2h0PSIxIiB4bWxucz0iaHR0cDovL3d3dy53My5vcmcvMjAwMC9zdmciPjwvc3ZnPg==\" style=\"--smush-placeholder-width: 350px; --smush-placeholder-aspect-ratio: 350\/5;\" \/><\/span><\/div><!-- .title-wrap --><div class=\"section-description\"><\/div><!-- .section-description --><\/div><!-- .section-title-wrapper -->\t\t\t\t<\/div>\n\t\t\t\t<\/div>\n\t\t\t\t\t<\/div>\n\t\t<\/div>\n\t\t\t\t<div class=\"elementor-column elementor-col-50 elementor-inner-column elementor-element elementor-element-519bc27\" data-id=\"519bc27\" data-element_type=\"column\" data-e-type=\"column\">\n\t\t\t<div class=\"elementor-widget-wrap\">\n\t\t\t\t\t\t\t<\/div>\n\t\t<\/div>\n\t\t\t\t\t<\/div>\n\t\t<\/section>\n\t\t\t\t<section class=\"elementor-section elementor-inner-section elementor-element elementor-element-25e9787 elementor-section-boxed elementor-section-height-default elementor-section-height-default\" data-id=\"25e9787\" data-element_type=\"section\" data-e-type=\"section\">\n\t\t\t\t\t\t<div class=\"elementor-container elementor-column-gap-default\">\n\t\t\t\t\t<div class=\"elementor-column elementor-col-33 elementor-inner-column elementor-element elementor-element-2c9f988\" data-id=\"2c9f988\" data-element_type=\"column\" data-e-type=\"column\">\n\t\t\t<div class=\"elementor-widget-wrap elementor-element-populated\">\n\t\t\t\t\t\t<div class=\"elementor-element elementor-element-851da51 cea-view-framed cea-shape-circle elementor-widget elementor-widget-ceafeaturebox\" data-id=\"851da51\" data-element_type=\"widget\" data-e-type=\"widget\" data-widget_type=\"ceafeaturebox.default\">\n\t\t\t\t<div class=\"elementor-widget-container feature-box-wrapper feature-box-classic-pro\">\n\t\t\t<div class=\"feature-box-inner\"><div class=\"cea-featured-icon\"><i aria-hidden=\"true\" class=\"bi-geo-alt-fill\"><\/i><\/div><h4 class=\"feature-box-title\">Location<\/h4><div class=\"fbox-content\"><a href= \"https:\/\/maps.app.goo.gl\/tkDTN4tbjjSDiYvy7\"> Municipio de Calvillo No 101-A\n\nCol. Valle de Aguascalientes\n\nSan Francisco de los Romo Ags.\n\nCP:20358\"\n\n<\/div><\/div>\t\t<\/div>\n\t\t\t\t<\/div>\n\t\t\t\t\t<\/div>\n\t\t<\/div>\n\t\t\t\t<div class=\"elementor-column elementor-col-33 elementor-inner-column elementor-element elementor-element-49f79bc\" data-id=\"49f79bc\" data-element_type=\"column\" data-e-type=\"column\">\n\t\t\t<div class=\"elementor-widget-wrap elementor-element-populated\">\n\t\t\t\t\t\t<div class=\"elementor-element elementor-element-31d437f cea-view-framed cea-shape-circle elementor-widget elementor-widget-ceafeaturebox\" data-id=\"31d437f\" data-element_type=\"widget\" data-e-type=\"widget\" data-widget_type=\"ceafeaturebox.default\">\n\t\t\t\t<div class=\"elementor-widget-container feature-box-wrapper feature-box-classic-pro\">\n\t\t\t<div class=\"feature-box-inner\"><div class=\"cea-featured-icon\"><i aria-hidden=\"true\" class=\"bi-telephone-fill\"><\/i><\/div><h4 class=\"feature-box-title\">Phone Number <\/h4><div class=\"fbox-content\"><a href=\"tel:4494784700\"> 449 478 4700<\/a>\n<\/div><\/div>\t\t<\/div>\n\t\t\t\t<\/div>\n\t\t\t\t\t<\/div>\n\t\t<\/div>\n\t\t\t\t<div class=\"elementor-column elementor-col-33 elementor-inner-column elementor-element elementor-element-098542e\" data-id=\"098542e\" data-element_type=\"column\" data-e-type=\"column\">\n\t\t\t<div class=\"elementor-widget-wrap elementor-element-populated\">\n\t\t\t\t\t\t<div class=\"elementor-element elementor-element-33ba701 cea-view-framed cea-shape-circle elementor-widget elementor-widget-ceafeaturebox\" data-id=\"33ba701\" data-element_type=\"widget\" data-e-type=\"widget\" data-widget_type=\"ceafeaturebox.default\">\n\t\t\t\t<div class=\"elementor-widget-container feature-box-wrapper feature-box-classic-pro\">\n\t\t\t<div class=\"feature-box-inner\"><div class=\"cea-featured-icon\"><i aria-hidden=\"true\" class=\"bi-envelope-fill\"><\/i><\/div><h4 class=\"feature-box-title\">Email<\/h4><div class=\"fbox-content\"><a href=\"mailto:c-interna@tachi-s.mx\"> c-interna@tachi-s.mx<\/a>\n<\/div><\/div>\t\t<\/div>\n\t\t\t\t<\/div>\n\t\t\t\t\t<\/div>\n\t\t<\/div>\n\t\t\t\t\t<\/div>\n\t\t<\/section>\n\t\t\t\t\t<\/div>\n\t\t<\/div>\n\t\t\t\t\t<\/div>\n\t\t<\/section>\n\t\t\t\t<section class=\"elementor-section elementor-top-section elementor-element elementor-element-ce05f67 elementor-section-stretched elementor-section-content-middle elementor-section-full_width elementor-section-height-default elementor-section-height-default\" data-id=\"ce05f67\" data-element_type=\"section\" data-e-type=\"section\" data-settings=\"{&quot;stretch_section&quot;:&quot;section-stretched&quot;,&quot;background_background&quot;:&quot;classic&quot;}\">\n\t\t\t\t\t\t\t<div class=\"elementor-background-overlay\"><\/div>\n\t\t\t\t\t\t\t<div class=\"elementor-container elementor-column-gap-wide\">\n\t\t\t\t\t<div class=\"elementor-column elementor-col-50 elementor-top-column elementor-element elementor-element-a3bf3b5\" data-id=\"a3bf3b5\" data-element_type=\"column\" data-e-type=\"column\" data-settings=\"{&quot;background_background&quot;:&quot;classic&quot;}\">\n\t\t\t<div class=\"elementor-widget-wrap elementor-element-populated\">\n\t\t\t\t\t\t<div class=\"elementor-element elementor-element-4d619c4 elementor-invisible elementor-widget elementor-widget-ceasectiontitle\" data-id=\"4d619c4\" data-element_type=\"widget\" data-e-type=\"widget\" data-settings=\"{&quot;_animation&quot;:&quot;fadeInUp&quot;}\" data-widget_type=\"ceasectiontitle.default\">\n\t\t\t\t<div class=\"elementor-widget-container\">\n\t\t\t\t\t<div class=\"section-title-wrapper\"><div class=\"title-wrap\"><div class=\"sub-title\">Want to work with us?<\/div><h2 class=\"section-title\">Contact Us<\/h2><span class=\"title-separator separator-img\"><img decoding=\"async\" class=\"img-fluid lazyload\" data-src=\"https:\/\/www.tachismex.com\/wp-content\/uploads\/2023\/06\/separator-lineas-sin-margen.gif\" width=\"350\" height=\"5\" alt=\"\" src=\"data:image\/svg+xml;base64,PHN2ZyB3aWR0aD0iMSIgaGVpZ2h0PSIxIiB4bWxucz0iaHR0cDovL3d3dy53My5vcmcvMjAwMC9zdmciPjwvc3ZnPg==\" style=\"--smush-placeholder-width: 350px; --smush-placeholder-aspect-ratio: 350\/5;\" \/><\/span><\/div><!-- .title-wrap --><div class=\"section-description\"><\/div><!-- .section-description --><\/div><!-- .section-title-wrapper -->\t\t\t\t<\/div>\n\t\t\t\t<\/div>\n\t\t\t\t<div class=\"elementor-element elementor-element-0938658 elementor-widget elementor-widget-shortcode\" data-id=\"0938658\" data-element_type=\"widget\" data-e-type=\"widget\" data-widget_type=\"shortcode.default\">\n\t\t\t\t<div class=\"elementor-widget-container\">\n\t\t\t\t\t\t\t<div class=\"elementor-shortcode\">\n<div class=\"wpcf7 no-js\" id=\"wpcf7-f49675-o1\" lang=\"en-US\" dir=\"ltr\" data-wpcf7-id=\"49675\">\n<div class=\"screen-reader-response\"><p role=\"status\" aria-live=\"polite\" aria-atomic=\"true\"><\/p> <ul><\/ul><\/div>\n<form action=\"\/en\/wp-json\/wp\/v2\/pages\/37371#wpcf7-f49675-o1\" method=\"post\" class=\"wpcf7-form init\" aria-label=\"Contact form\" novalidate=\"novalidate\" data-status=\"init\" data-trp-original-action=\"\/en\/wp-json\/wp\/v2\/pages\/37371#wpcf7-f49675-o1\">\n<fieldset class=\"hidden-fields-container\"><input type=\"hidden\" name=\"_wpcf7\" value=\"49675\" \/><input type=\"hidden\" name=\"_wpcf7_version\" value=\"6.1.5\" \/><input type=\"hidden\" name=\"_wpcf7_locale\" value=\"en_US\" \/><input type=\"hidden\" name=\"_wpcf7_unit_tag\" value=\"wpcf7-f49675-o1\" \/><input type=\"hidden\" name=\"_wpcf7_container_post\" value=\"0\" \/><input type=\"hidden\" name=\"_wpcf7_posted_data_hash\" value=\"\" \/>\n<\/fieldset>\n<div class=\"main-form\">\n\t<p><span class=\"wpcf7-form-control-wrap\" data-name=\"nombre\"><input size=\"40\" maxlength=\"400\" class=\"wpcf7-form-control wpcf7-text wpcf7-validates-as-required\" aria-required=\"true\" aria-invalid=\"false\" placeholder=\"Name\" value=\"\" type=\"text\" name=\"nombre\" \/><\/span>\n\t<\/p>\n\t<p><span class=\"wpcf7-form-control-wrap\" data-name=\"empresa\"><input size=\"40\" maxlength=\"400\" class=\"wpcf7-form-control wpcf7-text\" aria-invalid=\"false\" placeholder=\"Company\" value=\"\" type=\"text\" name=\"empresa\" \/><\/span>\n\t<\/p>\n\t<p><span class=\"wpcf7-form-control-wrap\" data-name=\"correo\"><input size=\"40\" maxlength=\"400\" class=\"wpcf7-form-control wpcf7-email wpcf7-validates-as-required wpcf7-text wpcf7-validates-as-email\" aria-required=\"true\" aria-invalid=\"false\" placeholder=\"E-mail\" value=\"\" type=\"email\" name=\"correo\" \/><\/span>\n\t<\/p>\n\t<p><span class=\"wpcf7-form-control-wrap\" data-name=\"telefono\"><input size=\"40\" maxlength=\"400\" class=\"wpcf7-form-control wpcf7-tel wpcf7-validates-as-required wpcf7-text wpcf7-validates-as-tel\" aria-required=\"true\" aria-invalid=\"false\" placeholder=\"Phone Number\" value=\"\" type=\"tel\" name=\"telefono\" \/><\/span>\n\t<\/p>\n\t<p><span class=\"wpcf7-form-control-wrap\" data-name=\"mensaje\"><textarea cols=\"40\" rows=\"10\" maxlength=\"2000\" class=\"wpcf7-form-control wpcf7-textarea wpcf7-validates-as-required\" aria-required=\"true\" aria-invalid=\"false\" placeholder=\"Message\" name=\"mensaje\"><\/textarea><\/span>\n\t<\/p>\n\t<p><input class=\"wpcf7-form-control wpcf7-submit has-spinner octf-btn octf-btn-light\" type=\"submit\" value=\"SEND\" \/>\n\t<\/p>\n<\/div><div class=\"wpcf7-response-output\" aria-hidden=\"true\"><\/div>\n<input type=\"hidden\" name=\"trp-form-language\" value=\"en\"\/><\/form>\n<\/div>\n<\/div>\n\t\t\t\t\t\t<\/div>\n\t\t\t\t<\/div>\n\t\t\t\t\t<\/div>\n\t\t<\/div>\n\t\t\t\t<div class=\"elementor-column elementor-col-50 elementor-top-column elementor-element elementor-element-c1ebf8e\" data-id=\"c1ebf8e\" data-element_type=\"column\" data-e-type=\"column\" data-settings=\"{&quot;background_background&quot;:&quot;classic&quot;}\">\n\t\t\t<div class=\"elementor-widget-wrap elementor-element-populated\">\n\t\t\t\t\t\t\t<\/div>\n\t\t<\/div>\n\t\t\t\t\t<\/div>\n\t\t<\/section>\n\t\t\t\t<section class=\"elementor-section elementor-top-section elementor-element elementor-element-48b3aca elementor-section-boxed elementor-section-height-default elementor-section-height-default\" data-id=\"48b3aca\" data-element_type=\"section\" data-e-type=\"section\">\n\t\t\t\t\t\t<div class=\"elementor-container elementor-column-gap-default\">\n\t\t\t\t\t<div class=\"elementor-column elementor-col-100 elementor-top-column elementor-element elementor-element-582ad3b\" data-id=\"582ad3b\" data-element_type=\"column\" data-e-type=\"column\">\n\t\t\t<div class=\"elementor-widget-wrap elementor-element-populated\">\n\t\t\t\t\t\t<div class=\"elementor-element elementor-element-a17df8e elementor-widget elementor-widget-html\" data-id=\"a17df8e\" data-element_type=\"widget\" data-e-type=\"widget\" data-widget_type=\"html.default\">\n\t\t\t\t<div class=\"elementor-widget-container\">\n\t\t\t\t\t<style>\n.title-separator.separator-img{\n    max-width: unset;\n}\n<\/style>\t\t\t\t<\/div>\n\t\t\t\t<\/div>\n\t\t\t\t\t<\/div>\n\t\t<\/div>\n\t\t\t\t\t<\/div>\n\t\t<\/section>\n\t\t\t\t<\/div>","protected":false},"excerpt":{"rendered":"<p>Informaci\u00f3n de Contacto Ubicaci\u00f3n Municipio de Calvillo No 101-A Col. Valle de Aguascalientes San Francisco de los Romo Ags. CP:20358&#8243; N\u00famero Telef\u00f3nico 449 478 4700 Correo c-interna@tachi-s.mx..<\/p>","protected":false},"author":1,"featured_media":0,"parent":0,"menu_order":0,"comment_status":"closed","ping_status":"closed","template":"","meta":{"footnotes":""},"class_list":["post-37371","page","type-page","status-publish","hentry"],"yoast_head":"<!-- This site is optimized with the Yoast SEO plugin v27.4 - https:\/\/yoast.com\/product\/yoast-seo-wordpress\/ -->\n<title>Contacto - TACHI-S MEXICO<\/title>\n<meta name=\"description\" content=\"\u00bfQUIERES TRABAJAR CON NOSOTROS? Escr\u00edbenos. Aqu\u00ed conocer\u00e1s toda la informaci\u00f3n para ponerte en contacto con Tachi-s\" \/>\n<meta name=\"robots\" content=\"noindex, follow\" \/>\n<meta property=\"og:locale\" content=\"en_US\" \/>\n<meta property=\"og:type\" content=\"article\" \/>\n<meta property=\"og:title\" content=\"Contacto - TACHI-S MEXICO\" \/>\n<meta property=\"og:description\" content=\"\u00bfQUIERES TRABAJAR CON NOSOTROS? Escr\u00edbenos. Aqu\u00ed conocer\u00e1s toda la informaci\u00f3n para ponerte en contacto con Tachi-s\" \/>\n<meta property=\"og:url\" content=\"https:\/\/www.tachismex.com\/en\/contacto\/\" \/>\n<meta property=\"og:site_name\" content=\"TACHI-S MEXICO\" \/>\n<meta property=\"article:modified_time\" content=\"2026-04-09T16:18:35+00:00\" \/>\n<meta property=\"og:image\" content=\"https:\/\/www.tachismex.com\/wp-content\/uploads\/2023\/06\/separator-lineas-sin-margen.gif\" \/>\n<meta name=\"twitter:card\" content=\"summary_large_image\" \/>\n<meta name=\"twitter:label1\" content=\"Est. reading time\" \/>\n\t<meta name=\"twitter:data1\" content=\"1 minute\" \/>\n<script type=\"application\/ld+json\" class=\"yoast-schema-graph\">{\"@context\":\"https:\\\/\\\/schema.org\",\"@graph\":[{\"@type\":\"WebPage\",\"@id\":\"https:\\\/\\\/www.tachismex.com\\\/contacto\\\/\",\"url\":\"https:\\\/\\\/www.tachismex.com\\\/contacto\\\/\",\"name\":\"Contacto - TACHI-S MEXICO\",\"isPartOf\":{\"@id\":\"https:\\\/\\\/www.tachismex.com\\\/#website\"},\"primaryImageOfPage\":{\"@id\":\"https:\\\/\\\/www.tachismex.com\\\/contacto\\\/#primaryimage\"},\"image\":{\"@id\":\"https:\\\/\\\/www.tachismex.com\\\/contacto\\\/#primaryimage\"},\"thumbnailUrl\":\"https:\\\/\\\/www.tachismex.com\\\/wp-content\\\/uploads\\\/2023\\\/06\\\/separator-lineas-sin-margen.gif\",\"datePublished\":\"2023-05-29T05:59:59+00:00\",\"dateModified\":\"2026-04-09T16:18:35+00:00\",\"description\":\"\u00bfQUIERES TRABAJAR CON NOSOTROS? Escr\u00edbenos. Aqu\u00ed conocer\u00e1s toda la informaci\u00f3n para ponerte en contacto con Tachi-s\",\"breadcrumb\":{\"@id\":\"https:\\\/\\\/www.tachismex.com\\\/contacto\\\/#breadcrumb\"},\"inLanguage\":\"en-US\",\"potentialAction\":[{\"@type\":\"ReadAction\",\"target\":[\"https:\\\/\\\/www.tachismex.com\\\/contacto\\\/\"]}]},{\"@type\":\"ImageObject\",\"inLanguage\":\"en-US\",\"@id\":\"https:\\\/\\\/www.tachismex.com\\\/contacto\\\/#primaryimage\",\"url\":\"https:\\\/\\\/www.tachismex.com\\\/wp-content\\\/uploads\\\/2023\\\/06\\\/separator-lineas-sin-margen.gif\",\"contentUrl\":\"https:\\\/\\\/www.tachismex.com\\\/wp-content\\\/uploads\\\/2023\\\/06\\\/separator-lineas-sin-margen.gif\"},{\"@type\":\"BreadcrumbList\",\"@id\":\"https:\\\/\\\/www.tachismex.com\\\/contacto\\\/#breadcrumb\",\"itemListElement\":[{\"@type\":\"ListItem\",\"position\":1,\"name\":\"Portada\",\"item\":\"https:\\\/\\\/www.tachismex.com\\\/\"},{\"@type\":\"ListItem\",\"position\":2,\"name\":\"Contacto\"}]},{\"@type\":\"WebSite\",\"@id\":\"https:\\\/\\\/www.tachismex.com\\\/#website\",\"url\":\"https:\\\/\\\/www.tachismex.com\\\/\",\"name\":\"TACHI-S MEXICO\",\"description\":\"TACHIS\",\"publisher\":{\"@id\":\"https:\\\/\\\/www.tachismex.com\\\/#organization\"},\"potentialAction\":[{\"@type\":\"SearchAction\",\"target\":{\"@type\":\"EntryPoint\",\"urlTemplate\":\"https:\\\/\\\/www.tachismex.com\\\/?s={search_term_string}\"},\"query-input\":{\"@type\":\"PropertyValueSpecification\",\"valueRequired\":true,\"valueName\":\"search_term_string\"}}],\"inLanguage\":\"en-US\"},{\"@type\":\"Organization\",\"@id\":\"https:\\\/\\\/www.tachismex.com\\\/#organization\",\"name\":\"TACHI-S MEXICO\",\"url\":\"https:\\\/\\\/www.tachismex.com\\\/\",\"logo\":{\"@type\":\"ImageObject\",\"inLanguage\":\"en-US\",\"@id\":\"https:\\\/\\\/www.tachismex.com\\\/#\\\/schema\\\/logo\\\/image\\\/\",\"url\":\"https:\\\/\\\/www.tachismex.com\\\/wp-content\\\/uploads\\\/2023\\\/06\\\/cropped-Tachis-1.png\",\"contentUrl\":\"https:\\\/\\\/www.tachismex.com\\\/wp-content\\\/uploads\\\/2023\\\/06\\\/cropped-Tachis-1.png\",\"width\":164,\"height\":197,\"caption\":\"TACHI-S MEXICO\"},\"image\":{\"@id\":\"https:\\\/\\\/www.tachismex.com\\\/#\\\/schema\\\/logo\\\/image\\\/\"}}]}<\/script>\n<!-- \/ Yoast SEO plugin. -->","yoast_head_json":{"title":"Contacto - TACHI-S MEXICO","description":"\u00bfQUIERES TRABAJAR CON NOSOTROS? Escr\u00edbenos. Aqu\u00ed conocer\u00e1s toda la informaci\u00f3n para ponerte en contacto con Tachi-s","robots":{"index":"noindex","follow":"follow"},"og_locale":"en_US","og_type":"article","og_title":"Contacto - TACHI-S MEXICO","og_description":"\u00bfQUIERES TRABAJAR CON NOSOTROS? Escr\u00edbenos. Aqu\u00ed conocer\u00e1s toda la informaci\u00f3n para ponerte en contacto con Tachi-s","og_url":"https:\/\/www.tachismex.com\/en\/contacto\/","og_site_name":"TACHI-S MEXICO","article_modified_time":"2026-04-09T16:18:35+00:00","og_image":[{"url":"https:\/\/www.tachismex.com\/wp-content\/uploads\/2023\/06\/separator-lineas-sin-margen.gif","type":"","width":"","height":""}],"twitter_card":"summary_large_image","twitter_misc":{"Est. reading time":"1 minute"},"schema":{"@context":"https:\/\/schema.org","@graph":[{"@type":"WebPage","@id":"https:\/\/www.tachismex.com\/contacto\/","url":"https:\/\/www.tachismex.com\/contacto\/","name":"Contacto - TACHI-S MEXICO","isPartOf":{"@id":"https:\/\/www.tachismex.com\/#website"},"primaryImageOfPage":{"@id":"https:\/\/www.tachismex.com\/contacto\/#primaryimage"},"image":{"@id":"https:\/\/www.tachismex.com\/contacto\/#primaryimage"},"thumbnailUrl":"https:\/\/www.tachismex.com\/wp-content\/uploads\/2023\/06\/separator-lineas-sin-margen.gif","datePublished":"2023-05-29T05:59:59+00:00","dateModified":"2026-04-09T16:18:35+00:00","description":"\u00bfQUIERES TRABAJAR CON NOSOTROS? Escr\u00edbenos. Aqu\u00ed conocer\u00e1s toda la informaci\u00f3n para ponerte en contacto con Tachi-s","breadcrumb":{"@id":"https:\/\/www.tachismex.com\/contacto\/#breadcrumb"},"inLanguage":"en-US","potentialAction":[{"@type":"ReadAction","target":["https:\/\/www.tachismex.com\/contacto\/"]}]},{"@type":"ImageObject","inLanguage":"en-US","@id":"https:\/\/www.tachismex.com\/contacto\/#primaryimage","url":"https:\/\/www.tachismex.com\/wp-content\/uploads\/2023\/06\/separator-lineas-sin-margen.gif","contentUrl":"https:\/\/www.tachismex.com\/wp-content\/uploads\/2023\/06\/separator-lineas-sin-margen.gif"},{"@type":"BreadcrumbList","@id":"https:\/\/www.tachismex.com\/contacto\/#breadcrumb","itemListElement":[{"@type":"ListItem","position":1,"name":"Portada","item":"https:\/\/www.tachismex.com\/"},{"@type":"ListItem","position":2,"name":"Contacto"}]},{"@type":"WebSite","@id":"https:\/\/www.tachismex.com\/#website","url":"https:\/\/www.tachismex.com\/","name":"TACHI-S MEXICO","description":"TACHIS","publisher":{"@id":"https:\/\/www.tachismex.com\/#organization"},"potentialAction":[{"@type":"SearchAction","target":{"@type":"EntryPoint","urlTemplate":"https:\/\/www.tachismex.com\/?s={search_term_string}"},"query-input":{"@type":"PropertyValueSpecification","valueRequired":true,"valueName":"search_term_string"}}],"inLanguage":"en-US"},{"@type":"Organization","@id":"https:\/\/www.tachismex.com\/#organization","name":"TACHI-S MEXICO","url":"https:\/\/www.tachismex.com\/","logo":{"@type":"ImageObject","inLanguage":"en-US","@id":"https:\/\/www.tachismex.com\/#\/schema\/logo\/image\/","url":"https:\/\/www.tachismex.com\/wp-content\/uploads\/2023\/06\/cropped-Tachis-1.png","contentUrl":"https:\/\/www.tachismex.com\/wp-content\/uploads\/2023\/06\/cropped-Tachis-1.png","width":164,"height":197,"caption":"TACHI-S MEXICO"},"image":{"@id":"https:\/\/www.tachismex.com\/#\/schema\/logo\/image\/"}}]}},"_links":{"self":[{"href":"https:\/\/www.tachismex.com\/en\/wp-json\/wp\/v2\/pages\/37371","targetHints":{"allow":["GET"]}}],"collection":[{"href":"https:\/\/www.tachismex.com\/en\/wp-json\/wp\/v2\/pages"}],"about":[{"href":"https:\/\/www.tachismex.com\/en\/wp-json\/wp\/v2\/types\/page"}],"author":[{"embeddable":true,"href":"https:\/\/www.tachismex.com\/en\/wp-json\/wp\/v2\/users\/1"}],"replies":[{"embeddable":true,"href":"https:\/\/www.tachismex.com\/en\/wp-json\/wp\/v2\/comments?post=37371"}],"version-history":[{"count":141,"href":"https:\/\/www.tachismex.com\/en\/wp-json\/wp\/v2\/pages\/37371\/revisions"}],"predecessor-version":[{"id":55915,"href":"https:\/\/www.tachismex.com\/en\/wp-json\/wp\/v2\/pages\/37371\/revisions\/55915"}],"wp:attachment":[{"href":"https:\/\/www.tachismex.com\/en\/wp-json\/wp\/v2\/media?parent=37371"}],"curies":[{"name":"wp","href":"https:\/\/api.w.org\/{rel}","templated":true}]}}