{"id":28041,"date":"2023-02-09T07:57:41","date_gmt":"2023-02-09T07:57:41","guid":{"rendered":"https:\/\/wordpress.zozothemes.com\/tranzkart\/who-we-are-copy\/"},"modified":"2026-04-10T19:04:05","modified_gmt":"2026-04-10T19:04:05","slug":"nuestra-hisotria","status":"publish","type":"page","link":"https:\/\/www.tachismex.com\/en\/nuestra-hisotria\/","title":{"rendered":"Nuestra Historia"},"content":{"rendered":"<div data-elementor-type=\"wp-page\" data-elementor-id=\"28041\" class=\"elementor elementor-28041\">\n\t\t\t\t\t\t<section class=\"elementor-section elementor-top-section elementor-element elementor-element-42fba68 elementor-section-stretched elementor-section-content-middle elementor-section-boxed elementor-section-height-default elementor-section-height-default\" data-id=\"42fba68\" data-element_type=\"section\" data-e-type=\"section\" data-settings=\"{&quot;stretch_section&quot;:&quot;section-stretched&quot;,&quot;background_background&quot;:&quot;classic&quot;}\">\n\t\t\t\t\t\t\t<div class=\"elementor-background-overlay\"><\/div>\n\t\t\t\t\t\t\t<div class=\"elementor-container elementor-column-gap-default\">\n\t\t\t\t\t<div class=\"elementor-column elementor-col-100 elementor-top-column elementor-element elementor-element-132203da\" data-id=\"132203da\" data-element_type=\"column\" data-e-type=\"column\" data-settings=\"{&quot;background_background&quot;:&quot;classic&quot;}\">\n\t\t\t<div class=\"elementor-widget-wrap elementor-element-populated\">\n\t\t\t\t\t<div class=\"elementor-background-overlay\"><\/div>\n\t\t\t\t\t\t<section class=\"elementor-section elementor-inner-section elementor-element elementor-element-c0dd1c2 elementor-section-boxed elementor-section-height-default elementor-section-height-default\" data-id=\"c0dd1c2\" data-element_type=\"section\" data-e-type=\"section\">\n\t\t\t\t\t\t<div class=\"elementor-container elementor-column-gap-default\">\n\t\t\t\t\t<div class=\"elementor-column elementor-col-33 elementor-inner-column elementor-element elementor-element-1a8591d6\" data-id=\"1a8591d6\" data-element_type=\"column\" data-e-type=\"column\">\n\t\t\t<div class=\"elementor-widget-wrap\">\n\t\t\t\t\t\t\t<\/div>\n\t\t<\/div>\n\t\t\t\t<div class=\"elementor-column elementor-col-33 elementor-inner-column elementor-element elementor-element-7c5a5cfd\" data-id=\"7c5a5cfd\" data-element_type=\"column\" data-e-type=\"column\">\n\t\t\t<div class=\"elementor-widget-wrap elementor-element-populated\">\n\t\t\t\t\t\t<div class=\"elementor-element elementor-element-2a2a630 cea-align-center elementor-invisible elementor-widget elementor-widget-ceasectiontitle\" data-id=\"2a2a630\" data-element_type=\"widget\" data-e-type=\"widget\" data-settings=\"{&quot;_animation&quot;:&quot;fadeInUp&quot;}\" data-widget_type=\"ceasectiontitle.default\">\n\t\t\t\t<div class=\"elementor-widget-container\">\n\t\t\t\t\t<div class=\"section-title-wrapper\"><div class=\"title-wrap\"><h2 class=\"section-title\">We Have a Great History Behind Our Company<\/h2><span class=\"title-separator separator-img\"><img decoding=\"async\" class=\"img-fluid lazyload\" data-src=\"https:\/\/www.tachismex.com\/wp-content\/uploads\/2023\/06\/separator-lineas-sin-margen.gif\" width=\"350\" height=\"5\" alt=\"\" src=\"data:image\/svg+xml;base64,PHN2ZyB3aWR0aD0iMSIgaGVpZ2h0PSIxIiB4bWxucz0iaHR0cDovL3d3dy53My5vcmcvMjAwMC9zdmciPjwvc3ZnPg==\" style=\"--smush-placeholder-width: 350px; --smush-placeholder-aspect-ratio: 350\/5;\" \/><\/span><\/div><!-- .title-wrap --><div class=\"section-description\"><\/div><!-- .section-description --><\/div><!-- .section-title-wrapper -->\t\t\t\t<\/div>\n\t\t\t\t<\/div>\n\t\t\t\t\t<\/div>\n\t\t<\/div>\n\t\t\t\t<div class=\"elementor-column elementor-col-33 elementor-inner-column elementor-element elementor-element-443535a9\" data-id=\"443535a9\" data-element_type=\"column\" data-e-type=\"column\">\n\t\t\t<div class=\"elementor-widget-wrap\">\n\t\t\t\t\t\t\t<\/div>\n\t\t<\/div>\n\t\t\t\t\t<\/div>\n\t\t<\/section>\n\t\t\t\t<section class=\"elementor-section elementor-inner-section elementor-element elementor-element-c97d6ab elementor-section-full_width elementor-section-height-default elementor-section-height-default\" data-id=\"c97d6ab\" data-element_type=\"section\" data-e-type=\"section\">\n\t\t\t\t\t\t<div class=\"elementor-container elementor-column-gap-default\">\n\t\t\t\t\t<div class=\"elementor-column elementor-col-100 elementor-inner-column elementor-element elementor-element-6de038c\" data-id=\"6de038c\" data-element_type=\"column\" data-e-type=\"column\">\n\t\t\t<div class=\"elementor-widget-wrap elementor-element-populated\">\n\t\t\t\t\t\t<div class=\"elementor-element elementor-element-2fe03af elementor-invisible elementor-widget elementor-widget-ceatimeline\" data-id=\"2fe03af\" data-element_type=\"widget\" data-e-type=\"widget\" data-settings=\"{&quot;_animation&quot;:&quot;zoomIn&quot;}\" data-widget_type=\"ceatimeline.default\">\n\t\t\t\t<div class=\"elementor-widget-container\">\n\t\t\t\t\t<div class=\"timeline-wrapper timeline-style-1\"><ul class=\"timeline\"><li class=\"elementor-repeater-item-58f2e01\"><div class=\"timeline-badge rounded-circle\"><i aria-hidden=\"true\" class=\"bi-star-fill\"><\/i><\/div><div class=\"timeline-sep-title\">1991<span>1991<\/span><\/div><div class=\"timeline-panel\"><div class=\"timeline-heading\"><h4 class=\"timeline-title\">Company Founded <\/h4><\/div><div class=\"timeline-body\">The company was founded as Industria de Asientos Superior (INSA) (later known as Tachi-S) in the city of Aguascalientes, Mexico.<\/div><\/div><\/li><!-- .timeline item li --><li class=\"timeline-inverted sep-img-activated elementor-repeater-item-7f1e1f6\"><div class=\"timeline-badge rounded-circle\"><img decoding=\"async\" class=\"img-fluid lazyload\" data-src=\"https:\/\/www.tachismex.com\/wp-content\/uploads\/2023\/06\/icono-estadistica.gif\" width=\"200\" height=\"200\" alt=\"\" src=\"data:image\/svg+xml;base64,PHN2ZyB3aWR0aD0iMSIgaGVpZ2h0PSIxIiB4bWxucz0iaHR0cDovL3d3dy53My5vcmcvMjAwMC9zdmciPjwvc3ZnPg==\" style=\"--smush-placeholder-width: 200px; --smush-placeholder-aspect-ratio: 200\/200;\" \/><\/div><div class=\"timeline-sep-title\">1996<span>1996<\/span><\/div><div class=\"timeline-panel\"><div class=\"timeline-heading\"><h4 class=\"timeline-title\">Production for Honda<\/h4><\/div><div class=\"timeline-body\">Tachi-S began mass production of seats for Honda de M\u00e9xico, which were supplied to the plant located in Guadalajara, Jalisco, Mexico.<\/div><\/div><\/li><!-- .timeline item li --><li class=\"sep-img-activated elementor-repeater-item-5cf7670\"><div class=\"timeline-badge rounded-circle\"><img decoding=\"async\" class=\"img-fluid lazyload\" data-src=\"https:\/\/www.tachismex.com\/wp-content\/uploads\/2023\/06\/icono-fabrica.gif\" width=\"200\" height=\"200\" alt=\"\" src=\"data:image\/svg+xml;base64,PHN2ZyB3aWR0aD0iMSIgaGVpZ2h0PSIxIiB4bWxucz0iaHR0cDovL3d3dy53My5vcmcvMjAwMC9zdmciPjwvc3ZnPg==\" style=\"--smush-placeholder-width: 200px; --smush-placeholder-aspect-ratio: 200\/200;\" \/><\/div><div class=\"timeline-sep-title\">1998<span>1998<\/span><\/div><div class=\"timeline-panel\"><div class=\"timeline-heading\"><h4 class=\"timeline-title\">New Plants<\/h4><\/div><div class=\"timeline-body\">Tachi-S opened a new plant in Cuernavaca, Morelos, Mexico.\n<\/div><\/div><\/li><!-- .timeline item li --><li class=\"timeline-inverted sep-img-activated elementor-repeater-item-4076249\"><div class=\"timeline-badge rounded-circle\"><img decoding=\"async\" class=\"img-fluid lazyload\" data-src=\"https:\/\/www.tachismex.com\/wp-content\/uploads\/2023\/06\/icono-fabrica.gif\" width=\"200\" height=\"200\" alt=\"\" src=\"data:image\/svg+xml;base64,PHN2ZyB3aWR0aD0iMSIgaGVpZ2h0PSIxIiB4bWxucz0iaHR0cDovL3d3dy53My5vcmcvMjAwMC9zdmciPjwvc3ZnPg==\" style=\"--smush-placeholder-width: 200px; --smush-placeholder-aspect-ratio: 200\/200;\" \/><\/div><div class=\"timeline-sep-title\">2012<span>2012<\/span><\/div><div class=\"timeline-panel\"><div class=\"timeline-heading\"><h4 class=\"timeline-title\">Major Progress for Tachi-S<\/h4><\/div><div class=\"timeline-body\">Nissan plants in Mexico and Brazil became Tier 1 operations. At the same time, new TRIM and PIP plants were opened in Zacatecas and Calvillo.<\/div><\/div><\/li><!-- .timeline item li --><li class=\"sep-img-activated elementor-repeater-item-c4f7dc7\"><div class=\"timeline-badge rounded-circle\"><img decoding=\"async\" class=\"img-fluid lazyload\" data-src=\"https:\/\/www.tachismex.com\/wp-content\/uploads\/2023\/06\/icono-fabrica.gif\" width=\"200\" height=\"200\" alt=\"\" src=\"data:image\/svg+xml;base64,PHN2ZyB3aWR0aD0iMSIgaGVpZ2h0PSIxIiB4bWxucz0iaHR0cDovL3d3dy53My5vcmcvMjAwMC9zdmciPjwvc3ZnPg==\" style=\"--smush-placeholder-width: 200px; --smush-placeholder-aspect-ratio: 200\/200;\" \/><\/div><div class=\"timeline-sep-title\">2018<span>2018<\/span><\/div><div class=\"timeline-panel\"><div class=\"timeline-heading\"><h4 class=\"timeline-title\">New Plant in Brazil<\/h4><\/div><div class=\"timeline-body\">Tachi-S Mexico opened a new JIT plant in Brazil for new Nissan business operations.\n<\/div><\/div><\/li><!-- .timeline item li --><li class=\"timeline-inverted sep-img-activated elementor-repeater-item-ccff1d2\"><div class=\"timeline-badge rounded-circle\"><img decoding=\"async\" class=\"img-fluid lazyload\" data-src=\"https:\/\/www.tachismex.com\/wp-content\/uploads\/2023\/06\/icono-fabrica.gif\" width=\"200\" height=\"200\" alt=\"\" src=\"data:image\/svg+xml;base64,PHN2ZyB3aWR0aD0iMSIgaGVpZ2h0PSIxIiB4bWxucz0iaHR0cDovL3d3dy53My5vcmcvMjAwMC9zdmciPjwvc3ZnPg==\" style=\"--smush-placeholder-width: 200px; --smush-placeholder-aspect-ratio: 200\/200;\" \/><\/div><div class=\"timeline-sep-title\">2019<span>2019<\/span><\/div><div class=\"timeline-panel\"><div class=\"timeline-heading\"><h4 class=\"timeline-title\">New Seat Trim Plant<\/h4><\/div><div class=\"timeline-body\">Tachi-S Mexico opened a new automotive seat trim plant in Aguascalientes to support Mazda and Toyota, as well as a Renault plant in Brazil. A partnership with Tesla was also established.  <\/div><\/div><\/li><!-- .timeline item li --><\/ul><\/div><!-- .timeline-wrapper -->\t\t\t\t<\/div>\n\t\t\t\t<\/div>\n\t\t\t\t\t<\/div>\n\t\t<\/div>\n\t\t\t\t\t<\/div>\n\t\t<\/section>\n\t\t\t\t\t<\/div>\n\t\t<\/div>\n\t\t\t\t\t<\/div>\n\t\t<\/section>\n\t\t\t\t<section class=\"elementor-section elementor-top-section elementor-element elementor-element-74fd7dc elementor-section-boxed elementor-section-height-default elementor-section-height-default\" data-id=\"74fd7dc\" data-element_type=\"section\" data-e-type=\"section\">\n\t\t\t\t\t\t<div class=\"elementor-container elementor-column-gap-default\">\n\t\t\t\t\t<div class=\"elementor-column elementor-col-100 elementor-top-column elementor-element elementor-element-a9cb582\" data-id=\"a9cb582\" data-element_type=\"column\" data-e-type=\"column\">\n\t\t\t<div class=\"elementor-widget-wrap elementor-element-populated\">\n\t\t\t\t\t\t<div class=\"elementor-element elementor-element-23ed9a8 elementor-widget elementor-widget-html\" data-id=\"23ed9a8\" data-element_type=\"widget\" data-e-type=\"widget\" data-widget_type=\"html.default\">\n\t\t\t\t<div class=\"elementor-widget-container\">\n\t\t\t\t\t<style>\n.title-separator.separator-img {\n  background: transparent;\n  height: auto;\n  width: auto;\n  max-width: unset;\n}\n<\/style>\t\t\t\t<\/div>\n\t\t\t\t<\/div>\n\t\t\t\t\t<\/div>\n\t\t<\/div>\n\t\t\t\t\t<\/div>\n\t\t<\/section>\n\t\t\t\t<\/div>","protected":false},"excerpt":{"rendered":"<p>Tenemos una gran historia detr\u00e1s de nuestra empresa 19911991 Inicia la Compa\u00f1\u00eda La compa\u00f1\u00eda fue fundada como Industria de Asiento Superior, INSA (despues conocida como Tachi-s) en..<\/p>","protected":false},"author":1,"featured_media":0,"parent":0,"menu_order":0,"comment_status":"closed","ping_status":"closed","template":"","meta":{"footnotes":""},"class_list":["post-28041","page","type-page","status-publish","hentry"],"yoast_head":"<!-- This site is optimized with the Yoast SEO plugin v27.4 - https:\/\/yoast.com\/product\/yoast-seo-wordpress\/ -->\n<title>Nuestra Historia - TACHI-S MEXICO<\/title>\n<meta name=\"robots\" content=\"noindex, follow\" \/>\n<meta property=\"og:locale\" content=\"en_US\" \/>\n<meta property=\"og:type\" content=\"article\" \/>\n<meta property=\"og:title\" content=\"Nuestra Historia - TACHI-S MEXICO\" \/>\n<meta property=\"og:description\" content=\"Tenemos una gran historia detr\u00e1s de nuestra empresa 19911991 Inicia la Compa\u00f1\u00eda La compa\u00f1\u00eda fue fundada como Industria de Asiento Superior, INSA (despues conocida como Tachi-s) en..\" \/>\n<meta property=\"og:url\" content=\"https:\/\/www.tachismex.com\/en\/nuestra-hisotria\/\" \/>\n<meta property=\"og:site_name\" content=\"TACHI-S MEXICO\" \/>\n<meta property=\"article:modified_time\" content=\"2026-04-10T19:04:05+00:00\" \/>\n<meta property=\"og:image\" content=\"https:\/\/www.tachismex.com\/wp-content\/uploads\/2023\/06\/separator-lineas-sin-margen.gif\" \/>\n<meta name=\"twitter:card\" content=\"summary_large_image\" \/>\n<meta name=\"twitter:label1\" content=\"Est. reading time\" \/>\n\t<meta name=\"twitter:data1\" content=\"2 minutes\" \/>\n<script type=\"application\/ld+json\" class=\"yoast-schema-graph\">{\"@context\":\"https:\\\/\\\/schema.org\",\"@graph\":[{\"@type\":\"WebPage\",\"@id\":\"https:\\\/\\\/www.tachismex.com\\\/nuestra-hisotria\\\/\",\"url\":\"https:\\\/\\\/www.tachismex.com\\\/nuestra-hisotria\\\/\",\"name\":\"Nuestra Historia - TACHI-S MEXICO\",\"isPartOf\":{\"@id\":\"https:\\\/\\\/www.tachismex.com\\\/#website\"},\"primaryImageOfPage\":{\"@id\":\"https:\\\/\\\/www.tachismex.com\\\/nuestra-hisotria\\\/#primaryimage\"},\"image\":{\"@id\":\"https:\\\/\\\/www.tachismex.com\\\/nuestra-hisotria\\\/#primaryimage\"},\"thumbnailUrl\":\"https:\\\/\\\/www.tachismex.com\\\/wp-content\\\/uploads\\\/2023\\\/06\\\/separator-lineas-sin-margen.gif\",\"datePublished\":\"2023-02-09T07:57:41+00:00\",\"dateModified\":\"2026-04-10T19:04:05+00:00\",\"breadcrumb\":{\"@id\":\"https:\\\/\\\/www.tachismex.com\\\/nuestra-hisotria\\\/#breadcrumb\"},\"inLanguage\":\"en-US\",\"potentialAction\":[{\"@type\":\"ReadAction\",\"target\":[\"https:\\\/\\\/www.tachismex.com\\\/nuestra-hisotria\\\/\"]}]},{\"@type\":\"ImageObject\",\"inLanguage\":\"en-US\",\"@id\":\"https:\\\/\\\/www.tachismex.com\\\/nuestra-hisotria\\\/#primaryimage\",\"url\":\"https:\\\/\\\/www.tachismex.com\\\/wp-content\\\/uploads\\\/2023\\\/06\\\/separator-lineas-sin-margen.gif\",\"contentUrl\":\"https:\\\/\\\/www.tachismex.com\\\/wp-content\\\/uploads\\\/2023\\\/06\\\/separator-lineas-sin-margen.gif\"},{\"@type\":\"BreadcrumbList\",\"@id\":\"https:\\\/\\\/www.tachismex.com\\\/nuestra-hisotria\\\/#breadcrumb\",\"itemListElement\":[{\"@type\":\"ListItem\",\"position\":1,\"name\":\"Portada\",\"item\":\"https:\\\/\\\/www.tachismex.com\\\/\"},{\"@type\":\"ListItem\",\"position\":2,\"name\":\"Nuestra Historia\"}]},{\"@type\":\"WebSite\",\"@id\":\"https:\\\/\\\/www.tachismex.com\\\/#website\",\"url\":\"https:\\\/\\\/www.tachismex.com\\\/\",\"name\":\"TACHI-S MEXICO\",\"description\":\"TACHIS\",\"publisher\":{\"@id\":\"https:\\\/\\\/www.tachismex.com\\\/#organization\"},\"potentialAction\":[{\"@type\":\"SearchAction\",\"target\":{\"@type\":\"EntryPoint\",\"urlTemplate\":\"https:\\\/\\\/www.tachismex.com\\\/?s={search_term_string}\"},\"query-input\":{\"@type\":\"PropertyValueSpecification\",\"valueRequired\":true,\"valueName\":\"search_term_string\"}}],\"inLanguage\":\"en-US\"},{\"@type\":\"Organization\",\"@id\":\"https:\\\/\\\/www.tachismex.com\\\/#organization\",\"name\":\"TACHI-S MEXICO\",\"url\":\"https:\\\/\\\/www.tachismex.com\\\/\",\"logo\":{\"@type\":\"ImageObject\",\"inLanguage\":\"en-US\",\"@id\":\"https:\\\/\\\/www.tachismex.com\\\/#\\\/schema\\\/logo\\\/image\\\/\",\"url\":\"https:\\\/\\\/www.tachismex.com\\\/wp-content\\\/uploads\\\/2023\\\/06\\\/cropped-Tachis-1.png\",\"contentUrl\":\"https:\\\/\\\/www.tachismex.com\\\/wp-content\\\/uploads\\\/2023\\\/06\\\/cropped-Tachis-1.png\",\"width\":164,\"height\":197,\"caption\":\"TACHI-S MEXICO\"},\"image\":{\"@id\":\"https:\\\/\\\/www.tachismex.com\\\/#\\\/schema\\\/logo\\\/image\\\/\"}}]}<\/script>\n<!-- \/ Yoast SEO plugin. -->","yoast_head_json":{"title":"Nuestra Historia - TACHI-S MEXICO","robots":{"index":"noindex","follow":"follow"},"og_locale":"en_US","og_type":"article","og_title":"Nuestra Historia - TACHI-S MEXICO","og_description":"Tenemos una gran historia detr\u00e1s de nuestra empresa 19911991 Inicia la Compa\u00f1\u00eda La compa\u00f1\u00eda fue fundada como Industria de Asiento Superior, INSA (despues conocida como Tachi-s) en..","og_url":"https:\/\/www.tachismex.com\/en\/nuestra-hisotria\/","og_site_name":"TACHI-S MEXICO","article_modified_time":"2026-04-10T19:04:05+00:00","og_image":[{"url":"https:\/\/www.tachismex.com\/wp-content\/uploads\/2023\/06\/separator-lineas-sin-margen.gif","type":"","width":"","height":""}],"twitter_card":"summary_large_image","twitter_misc":{"Est. reading time":"2 minutes"},"schema":{"@context":"https:\/\/schema.org","@graph":[{"@type":"WebPage","@id":"https:\/\/www.tachismex.com\/nuestra-hisotria\/","url":"https:\/\/www.tachismex.com\/nuestra-hisotria\/","name":"Nuestra Historia - TACHI-S MEXICO","isPartOf":{"@id":"https:\/\/www.tachismex.com\/#website"},"primaryImageOfPage":{"@id":"https:\/\/www.tachismex.com\/nuestra-hisotria\/#primaryimage"},"image":{"@id":"https:\/\/www.tachismex.com\/nuestra-hisotria\/#primaryimage"},"thumbnailUrl":"https:\/\/www.tachismex.com\/wp-content\/uploads\/2023\/06\/separator-lineas-sin-margen.gif","datePublished":"2023-02-09T07:57:41+00:00","dateModified":"2026-04-10T19:04:05+00:00","breadcrumb":{"@id":"https:\/\/www.tachismex.com\/nuestra-hisotria\/#breadcrumb"},"inLanguage":"en-US","potentialAction":[{"@type":"ReadAction","target":["https:\/\/www.tachismex.com\/nuestra-hisotria\/"]}]},{"@type":"ImageObject","inLanguage":"en-US","@id":"https:\/\/www.tachismex.com\/nuestra-hisotria\/#primaryimage","url":"https:\/\/www.tachismex.com\/wp-content\/uploads\/2023\/06\/separator-lineas-sin-margen.gif","contentUrl":"https:\/\/www.tachismex.com\/wp-content\/uploads\/2023\/06\/separator-lineas-sin-margen.gif"},{"@type":"BreadcrumbList","@id":"https:\/\/www.tachismex.com\/nuestra-hisotria\/#breadcrumb","itemListElement":[{"@type":"ListItem","position":1,"name":"Portada","item":"https:\/\/www.tachismex.com\/"},{"@type":"ListItem","position":2,"name":"Nuestra Historia"}]},{"@type":"WebSite","@id":"https:\/\/www.tachismex.com\/#website","url":"https:\/\/www.tachismex.com\/","name":"TACHI-S MEXICO","description":"TACHIS","publisher":{"@id":"https:\/\/www.tachismex.com\/#organization"},"potentialAction":[{"@type":"SearchAction","target":{"@type":"EntryPoint","urlTemplate":"https:\/\/www.tachismex.com\/?s={search_term_string}"},"query-input":{"@type":"PropertyValueSpecification","valueRequired":true,"valueName":"search_term_string"}}],"inLanguage":"en-US"},{"@type":"Organization","@id":"https:\/\/www.tachismex.com\/#organization","name":"TACHI-S MEXICO","url":"https:\/\/www.tachismex.com\/","logo":{"@type":"ImageObject","inLanguage":"en-US","@id":"https:\/\/www.tachismex.com\/#\/schema\/logo\/image\/","url":"https:\/\/www.tachismex.com\/wp-content\/uploads\/2023\/06\/cropped-Tachis-1.png","contentUrl":"https:\/\/www.tachismex.com\/wp-content\/uploads\/2023\/06\/cropped-Tachis-1.png","width":164,"height":197,"caption":"TACHI-S MEXICO"},"image":{"@id":"https:\/\/www.tachismex.com\/#\/schema\/logo\/image\/"}}]}},"_links":{"self":[{"href":"https:\/\/www.tachismex.com\/en\/wp-json\/wp\/v2\/pages\/28041","targetHints":{"allow":["GET"]}}],"collection":[{"href":"https:\/\/www.tachismex.com\/en\/wp-json\/wp\/v2\/pages"}],"about":[{"href":"https:\/\/www.tachismex.com\/en\/wp-json\/wp\/v2\/types\/page"}],"author":[{"embeddable":true,"href":"https:\/\/www.tachismex.com\/en\/wp-json\/wp\/v2\/users\/1"}],"replies":[{"embeddable":true,"href":"https:\/\/www.tachismex.com\/en\/wp-json\/wp\/v2\/comments?post=28041"}],"version-history":[{"count":193,"href":"https:\/\/www.tachismex.com\/en\/wp-json\/wp\/v2\/pages\/28041\/revisions"}],"predecessor-version":[{"id":56117,"href":"https:\/\/www.tachismex.com\/en\/wp-json\/wp\/v2\/pages\/28041\/revisions\/56117"}],"wp:attachment":[{"href":"https:\/\/www.tachismex.com\/en\/wp-json\/wp\/v2\/media?parent=28041"}],"curies":[{"name":"wp","href":"https:\/\/api.w.org\/{rel}","templated":true}]}}